{"id":2022,"date":"2026-04-17T16:08:09","date_gmt":"2026-04-17T20:08:09","guid":{"rendered":"https:\/\/dtf3sticks.ca\/?page_id=2022"},"modified":"2026-04-21T01:37:34","modified_gmt":"2026-04-21T05:37:34","slug":"home-dtf","status":"publish","type":"page","link":"https:\/\/dtf3sticks.ca\/fr\/","title":{"rendered":"HOME DTF"},"content":{"rendered":"<h2 class=\"wp-block-heading has-text-align-center\">Impression DTF \u2013 Cr\u00e9ez vos rouleaux textiles et UV DTF<\/h2>\n\n\n\n<div class=\"wp-block-boldblocks-stack-item-repeater cbb-block-parent is-vstack is-layout-flow wp-block-boldblocks-stack-item-repeater-is-layout-flow cbb-g-1 sm-cbb-padding-top sm-cbb-padding-bottom\" style=\"margin-top:var(--wp--preset--spacing--30);margin-right:var(--wp--preset--spacing--50);margin-bottom:var(--wp--preset--spacing--30);margin-left:var(--wp--preset--spacing--50)\">\n<div class=\"wp-block-boldblocks-stack-item cbb-block is-vstack-item has-parent is-layout-flow wp-block-boldblocks-stack-item-is-layout-flow\">\n<div style=\"height:0px\" aria-hidden=\"true\" class=\"wp-block-spacer\"><\/div>\n<\/div>\n<\/div>\n\n\n\n<div class=\"wp-block-media-text is-stacked-on-mobile\" style=\"border-style:none;border-width:0px;border-radius:0px;margin-top:0;margin-right:var(--wp--preset--spacing--40);margin-bottom:0;margin-left:var(--wp--preset--spacing--40);padding-top:0;padding-right:var(--wp--preset--spacing--50);padding-bottom:0;padding-left:var(--wp--preset--spacing--50);grid-template-columns:33% auto\"><figure class=\"wp-block-media-text__media\"><img loading=\"lazy\" decoding=\"async\" width=\"1024\" height=\"1024\" src=\"https:\/\/dtf3sticks.ca\/wp-content\/uploads\/2026\/04\/503200478_17942435616006333_1175995915868758181_n-1-1024x1024.jpg\" alt=\"\" class=\"wp-image-2036 size-full\" srcset=\"https:\/\/dtf3sticks.ca\/wp-content\/uploads\/2026\/04\/503200478_17942435616006333_1175995915868758181_n-1-1024x1024.jpg 1024w, https:\/\/dtf3sticks.ca\/wp-content\/uploads\/2026\/04\/503200478_17942435616006333_1175995915868758181_n-1-300x300.jpg 300w, https:\/\/dtf3sticks.ca\/wp-content\/uploads\/2026\/04\/503200478_17942435616006333_1175995915868758181_n-1-150x150.jpg 150w, https:\/\/dtf3sticks.ca\/wp-content\/uploads\/2026\/04\/503200478_17942435616006333_1175995915868758181_n-1-768x768.jpg 768w, https:\/\/dtf3sticks.ca\/wp-content\/uploads\/2026\/04\/503200478_17942435616006333_1175995915868758181_n-1-12x12.jpg 12w, https:\/\/dtf3sticks.ca\/wp-content\/uploads\/2026\/04\/503200478_17942435616006333_1175995915868758181_n-1-24x24.jpg 24w, https:\/\/dtf3sticks.ca\/wp-content\/uploads\/2026\/04\/503200478_17942435616006333_1175995915868758181_n-1-36x36.jpg 36w, https:\/\/dtf3sticks.ca\/wp-content\/uploads\/2026\/04\/503200478_17942435616006333_1175995915868758181_n-1-48x48.jpg 48w, https:\/\/dtf3sticks.ca\/wp-content\/uploads\/2026\/04\/503200478_17942435616006333_1175995915868758181_n-1-800x800.jpg 800w, https:\/\/dtf3sticks.ca\/wp-content\/uploads\/2026\/04\/503200478_17942435616006333_1175995915868758181_n-1-100x100.jpg 100w, https:\/\/dtf3sticks.ca\/wp-content\/uploads\/2026\/04\/503200478_17942435616006333_1175995915868758181_n-1.jpg 1440w\" sizes=\"auto, (max-width: 1024px) 100vw, 1024px\" \/><\/figure><div class=\"wp-block-media-text__content\">\n<div class=\"wp-block-boldblocks-stack-item-repeater cbb-block-parent is-vstack is-layout-flow wp-block-boldblocks-stack-item-repeater-is-layout-flow\">\n<h4 class=\"wp-block-heading\">Autocollants UV DTF\u00a0: Personnalisez vos objets<\/h4>\n\n\n\n<p>Cr\u00e9ez des designs audacieux et durables gr\u00e2ce \u00e0 l'impression UV DTF. Parfaits pour personnaliser le verre, le m\u00e9tal, le plastique, le bois et bien plus encore, ces transferts offrent des couleurs \u00e9clatantes et un superbe fini en relief. Id\u00e9aux pour vos produits et articles personnalis\u00e9s. Fabriqu\u00e9s localement au Qu\u00e9bec, \u00e0 Vaudreuil-Soulanges.<\/p>\n\n\n\n<p class=\"has-text-align-left\">\u2713 Id\u00e9al pour les produits promotionnels et la personnalisation unique.<\/p>\n\n\n\n<p class=\"has-text-align-left\">\u2713 Adh\u00e9rence extr\u00eame sur toutes les surfaces lisses.<\/p>\n\n\n\n<p class=\"has-text-align-left\">\u2713 R\u00e9sistant \u00e0 l'eau, aux rayures et aux UV.<\/p>\n<\/div>\n\n\n\n<p><\/p>\n\n\n\n<div class=\"wp-block-buttons is-layout-flex wp-block-buttons-is-layout-flex\">\n<div class=\"wp-block-button has-custom-width wp-block-button__width-25\"><a class=\"wp-block-button__link has-palette-color-8-color has-palette-color-1-background-color has-text-color has-background has-link-color has-custom-font-size wp-element-button\" href=\"https:\/\/dtf3sticks.ca\/fr\/produit\/uv-dtf-upload-your-own-gang-sheet\/?v=32570e940329\" style=\"border-style:none;border-width:0px;border-radius:11px;padding-top:var(--wp--preset--spacing--20);padding-bottom:var(--wp--preset--spacing--20);font-size:clamp(14px, 0.875rem + ((1vw - 3.2px) * 0.391), 19px);\"><strong>UV DTF<\/strong><\/a><\/div>\n<\/div>\n<\/div><\/div>\n\n\n\n<div class=\"wp-block-boldblocks-stack-item-repeater cbb-block-parent is-vstack is-layout-flow wp-block-boldblocks-stack-item-repeater-is-layout-flow\">\n<div class=\"wp-block-boldblocks-stack-item cbb-block is-vstack-item has-parent is-layout-flow wp-block-boldblocks-stack-item-is-layout-flow\">\n<div class=\"wp-block-boldblocks-stack-item-repeater cbb-block-parent is-vstack is-layout-flow wp-block-boldblocks-stack-item-repeater-is-layout-flow\">\n<div class=\"wp-block-boldblocks-stack-item cbb-block is-vstack-item has-parent is-layout-flow wp-block-boldblocks-stack-item-is-layout-flow cbb-g-2 sm-cbb-margin-top sm-cbb-margin-bottom\">\n<div style=\"height:15px\" aria-hidden=\"true\" class=\"wp-block-spacer\"><\/div>\n<\/div>\n<\/div>\n<\/div>\n<\/div>\n\n\n\n<div class=\"wp-block-media-text has-media-on-the-right is-stacked-on-mobile\" style=\"border-style:none;border-width:0px;border-radius:0px;margin-top:0;margin-right:0;margin-bottom:0;margin-left:0;padding-top:0;padding-right:var(--wp--preset--spacing--40);padding-bottom:0;padding-left:var(--wp--preset--spacing--40);grid-template-columns:auto 33%\"><div class=\"wp-block-media-text__content\">\n<div class=\"wp-block-boldblocks-stack-item-repeater cbb-block-parent is-vstack is-layout-flow wp-block-boldblocks-stack-item-repeater-is-layout-flow\">\n<h4 class=\"wp-block-heading\">DTF Textile : Rouleau de textile DTF : Souplesse et couleurs \u00e9clatantes<\/h4>\n\n\n\n<p class=\"has-text-align-left\">L'impression directe sur textile (DTF) est la solution id\u00e9ale pour imprimer sur une vaste gamme de tissus (coton, polyester, m\u00e9langes). Cette technique offre une \u00e9lasticit\u00e9 exceptionnelle, des couleurs \u00e9clatantes et une grande durabilit\u00e9. Parfaite pour l'impression personnalis\u00e9e de v\u00eatements. Impression DTF r\u00e9alis\u00e9e \u00e0 Vaudreuil-Soulanges, Qu\u00e9bec.<\/p>\n\n\n\n<p class=\"has-text-align-left\">\u2713 Doux au toucher et grande \u00e9lasticit\u00e9.<br><br>\u2713 Excellente opacit\u00e9, m\u00eame sur les tissus fonc\u00e9s.<\/p>\n\n\n\n<p class=\"has-text-align-left\">\u2713 Parfait pour les logos complexes et les designs multicolores.<\/p>\n<\/div>\n\n\n\n<p><\/p>\n\n\n\n<div class=\"wp-block-buttons is-vertical is-layout-flex wp-container-core-buttons-is-layout-fe9cc265 wp-block-buttons-is-layout-flex\">\n<div class=\"wp-block-button has-custom-width wp-block-button__width-25 is-style-fill\"><a class=\"wp-block-button__link has-palette-color-8-color has-palette-color-1-background-color has-text-color has-background has-link-color has-medium-font-size has-custom-font-size wp-element-button\" href=\"https:\/\/dtf3sticks.ca\/fr\/produit\/dtf-gang-sheet-builder\/?v=32570e940329\" style=\"border-width:10px;border-radius:11px;padding-top:var(--wp--preset--spacing--30);padding-right:var(--wp--preset--spacing--30);padding-bottom:var(--wp--preset--spacing--30);padding-left:var(--wp--preset--spacing--30)\"><strong>DTF TEXTILE<\/strong><\/a><\/div>\n<\/div>\n<\/div><figure class=\"wp-block-media-text__media\"><img loading=\"lazy\" decoding=\"async\" width=\"1024\" height=\"1024\" src=\"https:\/\/dtf3sticks.ca\/wp-content\/uploads\/2026\/04\/500919881_17941295928006333_8892181730294374896_n-1024x1024.jpg\" alt=\"\" class=\"wp-image-2076 size-full\" srcset=\"https:\/\/dtf3sticks.ca\/wp-content\/uploads\/2026\/04\/500919881_17941295928006333_8892181730294374896_n-1024x1024.jpg 1024w, https:\/\/dtf3sticks.ca\/wp-content\/uploads\/2026\/04\/500919881_17941295928006333_8892181730294374896_n-300x300.jpg 300w, https:\/\/dtf3sticks.ca\/wp-content\/uploads\/2026\/04\/500919881_17941295928006333_8892181730294374896_n-150x150.jpg 150w, https:\/\/dtf3sticks.ca\/wp-content\/uploads\/2026\/04\/500919881_17941295928006333_8892181730294374896_n-768x768.jpg 768w, https:\/\/dtf3sticks.ca\/wp-content\/uploads\/2026\/04\/500919881_17941295928006333_8892181730294374896_n-12x12.jpg 12w, https:\/\/dtf3sticks.ca\/wp-content\/uploads\/2026\/04\/500919881_17941295928006333_8892181730294374896_n-24x24.jpg 24w, https:\/\/dtf3sticks.ca\/wp-content\/uploads\/2026\/04\/500919881_17941295928006333_8892181730294374896_n-36x36.jpg 36w, https:\/\/dtf3sticks.ca\/wp-content\/uploads\/2026\/04\/500919881_17941295928006333_8892181730294374896_n-48x48.jpg 48w, https:\/\/dtf3sticks.ca\/wp-content\/uploads\/2026\/04\/500919881_17941295928006333_8892181730294374896_n-800x800.jpg 800w, https:\/\/dtf3sticks.ca\/wp-content\/uploads\/2026\/04\/500919881_17941295928006333_8892181730294374896_n-100x100.jpg 100w, https:\/\/dtf3sticks.ca\/wp-content\/uploads\/2026\/04\/500919881_17941295928006333_8892181730294374896_n.jpg 1440w\" sizes=\"auto, (max-width: 1024px) 100vw, 1024px\" \/><\/figure><\/div>\n\n\n\n<div class=\"wp-block-boldblocks-group cbb-block is-layout-flow wp-block-boldblocks-group-is-layout-flow\">\n<div class=\"wp-block-boldblocks-group cbb-block is-layout-flow wp-block-boldblocks-group-is-layout-flow\">\n<div class=\"wp-block-boldblocks-stack-item-repeater cbb-block-parent is-vstack is-layout-flow wp-block-boldblocks-stack-item-repeater-is-layout-flow\">\n<div class=\"wp-block-boldblocks-stack-item cbb-block is-vstack-item has-parent is-layout-flow wp-block-boldblocks-stack-item-is-layout-flow\"><\/div>\n\n\n\n<div class=\"wp-block-boldblocks-stack-item cbb-block is-vstack-item has-parent is-layout-flow wp-block-boldblocks-stack-item-is-layout-flow\">\n<div style=\"height:71px\" aria-hidden=\"true\" class=\"wp-block-spacer\"><\/div>\n<\/div>\n<\/div>\n<\/div>\n<\/div>\n\n\n\n<div class=\"wp-block-boldblocks-stack-item-repeater cbb-block-parent is-vstack is-layout-flow wp-block-boldblocks-stack-item-repeater-is-layout-flow cbb-g-5 sm-cbb-text-align\">\n<div class=\"wp-block-boldblocks-stack-item cbb-block is-vstack-item has-parent is-layout-flow wp-block-boldblocks-stack-item-is-layout-flow\">\n<div class=\"wp-block-boldblocks-grid-item cbb-block is-grid-item has-parent is-layout-flow wp-block-boldblocks-grid-item-is-layout-flow\">\n<div class=\"wp-block-boldblocks-grid-item-repeater cbb-block-parent is-grid cbb-g-3 sm-cbb-grid-columns sm-cbb-grid-gap-column sm-cbb-grid-gap-row\">\n<div class=\"wp-block-boldblocks-grid-item cbb-block is-grid-item has-parent is-layout-flow wp-block-boldblocks-grid-item-is-layout-flow\">\n<h2 class=\"wp-block-heading\">Pourquoi choisir 3STICKS ?<\/h2>\n\n\n\n<p>Nous allions la passion du travail bien fait \u00e0 une technologie de pointe pour vous offrir des r\u00e9sultats qui d\u00e9passent vos attentes.<\/p>\n<\/div>\n<\/div>\n<\/div>\n<\/div>\n<\/div>\n\n\n\n<div class=\"wp-block-columns is-layout-flex wp-container-core-columns-is-layout-65cc68fb wp-block-columns-is-layout-flex\" style=\"border-style:none;border-width:0px;border-radius:0px;margin-top:var(--wp--preset--spacing--40);margin-bottom:var(--wp--preset--spacing--40);padding-top:var(--wp--preset--spacing--30);padding-right:var(--wp--preset--spacing--40);padding-bottom:var(--wp--preset--spacing--30);padding-left:var(--wp--preset--spacing--40)\">\n<div class=\"wp-block-column is-layout-flow wp-block-column-is-layout-flow\">\n<h4 class=\"wp-block-heading has-text-align-center\">Impression Locale<\/h4>\n\n\n\n<p class=\"has-text-align-center has-small-font-size\" style=\"padding-top:0;padding-right:0;padding-bottom:0;padding-left:0\">A local service rooted in the Mont\u00e9r\u00e9gie West region.<\/p>\n<\/div>\n\n\n\n<div class=\"wp-block-column is-layout-flow wp-block-column-is-layout-flow\">\n<h4 class=\"wp-block-heading has-text-align-center\">Service Rapide<\/h4>\n\n\n\n<p class=\"has-text-align-center has-small-font-size\">Des d\u00e9lais de production optimis\u00e9s pour respecter vos \u00e9ch\u00e9ances.<\/p>\n<\/div>\n\n\n\n<div class=\"wp-block-column is-layout-flow wp-block-column-is-layout-flow\">\n<h4 class=\"wp-block-heading has-text-align-center\">Cr\u00e9ation personnalis\u00e9e<\/h4>\n\n\n\n<p class=\"has-text-align-center has-small-font-size\">Nous donnons vie \u00e0 vos id\u00e9es les plus audacieuses.<\/p>\n<\/div>\n\n\n\n<div class=\"wp-block-column is-layout-flow wp-block-column-is-layout-flow\">\n<h4 class=\"wp-block-heading has-text-align-center\">Qualit\u00e9 garantie<\/h4>\n\n\n\n<p class=\"has-text-align-center has-small-font-size\" style=\"border-style:none;border-width:0px\">Des mat\u00e9riaux haut de gamme pour un r\u00e9sultat impeccable.<\/p>\n<\/div>\n<\/div>\n\n\n\n<div class=\"wp-block-boldblocks-group cbb-block is-layout-flow wp-block-boldblocks-group-is-layout-flow\">\n<div data-carousel-settings=\"{&amp;quot;loop&amp;quot;:false,&amp;quot;rewind&amp;quot;:false,&amp;quot;autoplay&amp;quot;:false,&amp;quot;effect&amp;quot;:&amp;quot;slide&amp;quot;,&amp;quot;slidesPerView&amp;quot;:1,&amp;quot;pagination&amp;quot;:false,&amp;quot;navigation&amp;quot;:false,&amp;quot;scrollbar&amp;quot;:false}\" class=\"wp-block-boldblocks-carousel-item-repeater cbb-block-parent is-carousel js-carousel-layout cbb-carousel-preload\"><div class=\"carousel__inner\">\n<div class=\"wp-block-boldblocks-carousel-item cbb-block is-carousel-item has-parent carousel-item is-layout-flow wp-block-boldblocks-carousel-item-is-layout-flow\">\n<figure class=\"wp-block-image aligncenter size-full is-resized\"><img loading=\"lazy\" decoding=\"async\" width=\"1000\" height=\"626\" src=\"https:\/\/dtf3sticks.ca\/wp-content\/uploads\/2026\/04\/dtf-printing.webp\" alt=\"\" class=\"wp-image-2123\" style=\"width:663px;height:auto\" srcset=\"https:\/\/dtf3sticks.ca\/wp-content\/uploads\/2026\/04\/dtf-printing.webp 1000w, https:\/\/dtf3sticks.ca\/wp-content\/uploads\/2026\/04\/dtf-printing-300x188.webp 300w, https:\/\/dtf3sticks.ca\/wp-content\/uploads\/2026\/04\/dtf-printing-768x481.webp 768w, https:\/\/dtf3sticks.ca\/wp-content\/uploads\/2026\/04\/dtf-printing-18x12.webp 18w, https:\/\/dtf3sticks.ca\/wp-content\/uploads\/2026\/04\/dtf-printing-24x15.webp 24w, https:\/\/dtf3sticks.ca\/wp-content\/uploads\/2026\/04\/dtf-printing-36x23.webp 36w, https:\/\/dtf3sticks.ca\/wp-content\/uploads\/2026\/04\/dtf-printing-48x30.webp 48w, https:\/\/dtf3sticks.ca\/wp-content\/uploads\/2026\/04\/dtf-printing-800x501.webp 800w\" sizes=\"auto, (max-width: 1000px) 100vw, 1000px\" \/><\/figure>\n<\/div>\n<\/div><\/div>\n<\/div>\n\n\n\n<p><\/p>","protected":false},"excerpt":{"rendered":"<p>DTF Printing \u2013 Create your textile and UV DTF rolls Local Printing A local service rooted in the Mont\u00e9r\u00e9gie West region. Fast Service Optimized production times to meet your deadlines. Custom Creation We bring your boldest ideas to life. Guaranteed Quality Premium materials for an impeccable result.<\/p>","protected":false},"author":1,"featured_media":0,"parent":0,"menu_order":0,"comment_status":"closed","ping_status":"closed","template":"","meta":{"CBBTypography":[],"footnotes":""},"class_list":["post-2022","page","type-page","status-publish","hentry"],"blocksy_meta":[],"_links":{"self":[{"href":"https:\/\/dtf3sticks.ca\/fr\/wp-json\/wp\/v2\/pages\/2022","targetHints":{"allow":["GET"]}}],"collection":[{"href":"https:\/\/dtf3sticks.ca\/fr\/wp-json\/wp\/v2\/pages"}],"about":[{"href":"https:\/\/dtf3sticks.ca\/fr\/wp-json\/wp\/v2\/types\/page"}],"author":[{"embeddable":true,"href":"https:\/\/dtf3sticks.ca\/fr\/wp-json\/wp\/v2\/users\/1"}],"replies":[{"embeddable":true,"href":"https:\/\/dtf3sticks.ca\/fr\/wp-json\/wp\/v2\/comments?post=2022"}],"version-history":[{"count":64,"href":"https:\/\/dtf3sticks.ca\/fr\/wp-json\/wp\/v2\/pages\/2022\/revisions"}],"predecessor-version":[{"id":2176,"href":"https:\/\/dtf3sticks.ca\/fr\/wp-json\/wp\/v2\/pages\/2022\/revisions\/2176"}],"wp:attachment":[{"href":"https:\/\/dtf3sticks.ca\/fr\/wp-json\/wp\/v2\/media?parent=2022"}],"curies":[{"name":"wp","href":"https:\/\/api.w.org\/{rel}","templated":true}]}}